{"id":35593,"date":"2024-10-12T15:25:05","date_gmt":"2024-10-12T20:25:05","guid":{"rendered":"https:\/\/pri-mem.com\/sin%20categor\u00eda\/vestido-camiseta-11\/"},"modified":"2024-10-20T16:56:15","modified_gmt":"2024-10-20T21:56:15","slug":"vestido-camiseta-11","status":"publish","type":"product","link":"https:\/\/pri-mem.com\/en\/vestido-camiseta\/vestido-camiseta-11\/","title":{"rendered":"Graphic T-Shirt Dress"},"content":{"rendered":"<p>This dress is a basic for any fan of this type of clothing. And the best of all is that you can wear it in many ways. You can dress it up with a jacket or give it a more casual look with some sneakers. Wear it as a nightgown or even as the centerpiece of a more urban outfit: the options are endless. Its comfortable oversized fit proves that comfort can also be stylish.<\/p>\n<p>\u2022 Composici\u00f3n del tejido en la Uni\u00f3n Europea: 96% poli\u00e9ster, 4% spandex<br \/>\n\u2022 Composici\u00f3n del tejido en Estados Unidos: 93% poli\u00e9ster, 7% spandex<br \/>\n\u2022 Soft and elastic fabric<br \/>\n\u2022 Fabric weight: 210 g\/m2 (6.19 oz\/yd\u00b2)<br \/>\n\u2022 Low armholes and wide sleeves with dropped shoulder cut<br \/>\n\u2022 Comfortable oversized fit<br \/>\n\u2022 Componentes del producto base en Estados Unidos procedentes de M\u00e9xico<br \/>\n\u2022 Components of the base product in Europe from Lithuania<\/p>","protected":false},"excerpt":{"rendered":"<p>Este vestido es un b\u00e1sico para cualquier fan de este tipo de prendas. Y lo mejor de todo es que puedes llevarlo de muchas formas. Puedes vestirlo con una chaqueta o darle un aire m\u00e1s informal con unas zapatillas deportivas. Ll\u00e9valo como camis\u00f3n o incluso como la pieza central de un outfit m\u00e1s urbano: las opciones son infinitas. Su c\u00f3modo ajuste oversize demuestra que la comodidad tambi\u00e9n puede ser elegante. \u2022 Composici\u00f3n del tejido en la Uni\u00f3n Europea: 96% poli\u00e9ster, 4% spandex \u2022 Composici\u00f3n del tejido en Estados Unidos: 93% poli\u00e9ster, 7% spandex \u2022 Tejido suave y el\u00e1stico \u2022 Peso del tejido: 210 g\/m2 (6,19 oz\/yd\u00b2) \u2022 Sisa baja y manga amplia con corte de hombros ca\u00eddos \u2022 C\u00f3modo ajuste oversize \u2022 Componentes del producto base en Estados Unidos procedentes de M\u00e9xico \u2022 Componentes del producto base en Europa procedentes de Lituania<\/p>","protected":false},"featured_media":35607,"comment_status":"open","ping_status":"closed","template":"","meta":[],"product_brand":[],"product_cat":[80,87],"product_tag":[],"class_list":{"0":"post-35593","1":"product","2":"type-product","3":"status-publish","4":"has-post-thumbnail","6":"product_cat-coleccion","7":"product_cat-vestido-camiseta","9":"first","10":"instock","11":"taxable","12":"shipping-taxable","13":"purchasable","14":"product-type-variable"},"_links":{"self":[{"href":"https:\/\/pri-mem.com\/en\/wp-json\/wp\/v2\/product\/35593","targetHints":{"allow":["GET"]}}],"collection":[{"href":"https:\/\/pri-mem.com\/en\/wp-json\/wp\/v2\/product"}],"about":[{"href":"https:\/\/pri-mem.com\/en\/wp-json\/wp\/v2\/types\/product"}],"replies":[{"embeddable":true,"href":"https:\/\/pri-mem.com\/en\/wp-json\/wp\/v2\/comments?post=35593"}],"version-history":[{"count":0,"href":"https:\/\/pri-mem.com\/en\/wp-json\/wp\/v2\/product\/35593\/revisions"}],"wp:featuredmedia":[{"embeddable":true,"href":"https:\/\/pri-mem.com\/en\/wp-json\/wp\/v2\/media\/35607"}],"wp:attachment":[{"href":"https:\/\/pri-mem.com\/en\/wp-json\/wp\/v2\/media?parent=35593"}],"wp:term":[{"taxonomy":"product_brand","embeddable":true,"href":"https:\/\/pri-mem.com\/en\/wp-json\/wp\/v2\/product_brand?post=35593"},{"taxonomy":"product_cat","embeddable":true,"href":"https:\/\/pri-mem.com\/en\/wp-json\/wp\/v2\/product_cat?post=35593"},{"taxonomy":"product_tag","embeddable":true,"href":"https:\/\/pri-mem.com\/en\/wp-json\/wp\/v2\/product_tag?post=35593"}],"curies":[{"name":"wp","href":"https:\/\/api.w.org\/{rel}","templated":true}]}}