{"id":25712,"date":"2024-10-07T22:57:42","date_gmt":"2024-10-08T03:57:42","guid":{"rendered":"https:\/\/pri-mem.com\/sin%20categor\u00eda\/gorro-con-borde-vuelto-3\/"},"modified":"2024-10-07T22:59:05","modified_gmt":"2024-10-08T03:59:05","slug":"gorro-con-borde-vuelto-3","status":"publish","type":"product","link":"https:\/\/pri-mem.com\/en\/gorros-pescador\/gorro-con-borde-vuelto-3\/","title":{"rendered":"Gorro con borde vuelto"},"content":{"rendered":"<p>Este gorro de punto ce\u00f1ido no solo es un art\u00edculo de abrigo ideal, tambi\u00e9n es un accesorio imprescindible para cualquier fondo de armario.<\/p>\n<p>\u2022 Tejido 100% acr\u00edlico Turbo<br \/>\n\u2022 30 cm (12&#8243;) de largo<br \/>\n\u2022 Material hipoalerg\u00e9nico<br \/>\n\u2022 Dise\u00f1o unisex<br \/>\n\u2022 Lavable a mano<br \/>\n\u2022 Producto base procedente de Vietnam, Banglad\u00e9s o Corea del Sur<\/p>","protected":false},"excerpt":{"rendered":"<p>Este gorro de punto ce\u00f1ido no solo es un art\u00edculo de abrigo ideal, tambi\u00e9n es un accesorio imprescindible para cualquier fondo de armario. \u2022 Tejido 100% acr\u00edlico Turbo \u2022 30 cm (12&#8243;) de largo \u2022 Material hipoalerg\u00e9nico \u2022 Dise\u00f1o unisex \u2022 Lavable a mano \u2022 Producto base procedente de Vietnam, Banglad\u00e9s o Corea del Sur<\/p>","protected":false},"featured_media":25723,"comment_status":"open","ping_status":"closed","template":"","meta":[],"product_brand":[],"product_cat":[80,89,90,81],"product_tag":[],"class_list":{"0":"post-25712","1":"product","2":"type-product","3":"status-publish","4":"has-post-thumbnail","6":"product_cat-coleccion","7":"product_cat-gorros","8":"product_cat-gorros-pescador","9":"product_cat-gorros-y-gorras","11":"first","12":"instock","13":"taxable","14":"shipping-taxable","15":"purchasable","16":"product-type-variable"},"_links":{"self":[{"href":"https:\/\/pri-mem.com\/en\/wp-json\/wp\/v2\/product\/25712","targetHints":{"allow":["GET"]}}],"collection":[{"href":"https:\/\/pri-mem.com\/en\/wp-json\/wp\/v2\/product"}],"about":[{"href":"https:\/\/pri-mem.com\/en\/wp-json\/wp\/v2\/types\/product"}],"replies":[{"embeddable":true,"href":"https:\/\/pri-mem.com\/en\/wp-json\/wp\/v2\/comments?post=25712"}],"version-history":[{"count":0,"href":"https:\/\/pri-mem.com\/en\/wp-json\/wp\/v2\/product\/25712\/revisions"}],"wp:featuredmedia":[{"embeddable":true,"href":"https:\/\/pri-mem.com\/en\/wp-json\/wp\/v2\/media\/25723"}],"wp:attachment":[{"href":"https:\/\/pri-mem.com\/en\/wp-json\/wp\/v2\/media?parent=25712"}],"wp:term":[{"taxonomy":"product_brand","embeddable":true,"href":"https:\/\/pri-mem.com\/en\/wp-json\/wp\/v2\/product_brand?post=25712"},{"taxonomy":"product_cat","embeddable":true,"href":"https:\/\/pri-mem.com\/en\/wp-json\/wp\/v2\/product_cat?post=25712"},{"taxonomy":"product_tag","embeddable":true,"href":"https:\/\/pri-mem.com\/en\/wp-json\/wp\/v2\/product_tag?post=25712"}],"curies":[{"name":"wp","href":"https:\/\/api.w.org\/{rel}","templated":true}]}}