{"id":24884,"date":"2024-10-06T19:10:17","date_gmt":"2024-10-07T00:10:17","guid":{"rendered":"https:\/\/pri-mem.com\/sin%20categor\u00eda\/crop-top-para-mujer-9\/"},"modified":"2024-10-12T11:51:17","modified_gmt":"2024-10-12T16:51:17","slug":"crop-top-para-mujer-9","status":"publish","type":"product","link":"https:\/\/pri-mem.com\/en\/crop-tops\/crop-top-para-mujer-9\/","title":{"rendered":"Crop top for women"},"content":{"rendered":"<p>Este crop top est\u00e1 hecho 100% con algod\u00f3n peinado, lo que hace que la camiseta sea extremadamente suave y m\u00e1s duradera que las camisetas de algod\u00f3n normales. Por su longitud, es una prenda ideal para primavera y verano. Adem\u00e1s, su ajuste holgado y su corte de hombros ca\u00eddos hacen que sea muy c\u00f3modo de llevar.<\/p>\n<p>\u2022 100% algod\u00f3n peinado<br \/>\n\u2022 Los tonos Heather son 15% viscosa y 85% algod\u00f3n<br \/>\n\u2022 Peso del tejido: 180 g\/m\u00b2 (5,3 oz\/yd\u00b2)<br \/>\n\u2022 Corte holgado<br \/>\n\u2022 Largo cropped<br \/>\n\u2022 Cuello redondo acanalado<br \/>\n\u2022 Hombros ca\u00eddos<br \/>\n\u2022 Confecci\u00f3n con costuras laterales<br \/>\n\u2022 Cinta de hombro a hombro<br \/>\n\u2022 Dobladillo de doble aguja<br \/>\n\u2022 Preencogido<br \/>\n\u2022 Producto base procedente de Banglad\u00e9s<\/p>","protected":false},"excerpt":{"rendered":"<p>Este crop top est\u00e1 hecho 100% con algod\u00f3n peinado, lo que hace que la camiseta sea extremadamente suave y m\u00e1s duradera que las camisetas de algod\u00f3n normales. Por su longitud, es una prenda ideal para primavera y verano. Adem\u00e1s, su ajuste holgado y su corte de hombros ca\u00eddos hacen que sea muy c\u00f3modo de llevar. \u2022 100% algod\u00f3n peinado \u2022 Los tonos Heather son 15% viscosa y 85% algod\u00f3n \u2022 Peso del tejido: 180 g\/m\u00b2 (5,3 oz\/yd\u00b2) \u2022 Corte holgado \u2022 Largo cropped \u2022 Cuello redondo acanalado \u2022 Hombros ca\u00eddos \u2022 Confecci\u00f3n con costuras laterales \u2022 Cinta de hombro a hombro \u2022 Dobladillo de doble aguja \u2022 Preencogido \u2022 Producto base procedente de Banglad\u00e9s<\/p>","protected":false},"featured_media":24932,"comment_status":"open","ping_status":"closed","template":"","meta":[],"product_brand":[],"product_cat":[86],"product_tag":[],"class_list":{"0":"post-24884","1":"product","2":"type-product","3":"status-publish","4":"has-post-thumbnail","6":"product_cat-crop-tops","8":"first","9":"instock","10":"taxable","11":"shipping-taxable","12":"purchasable","13":"product-type-variable"},"_links":{"self":[{"href":"https:\/\/pri-mem.com\/en\/wp-json\/wp\/v2\/product\/24884","targetHints":{"allow":["GET"]}}],"collection":[{"href":"https:\/\/pri-mem.com\/en\/wp-json\/wp\/v2\/product"}],"about":[{"href":"https:\/\/pri-mem.com\/en\/wp-json\/wp\/v2\/types\/product"}],"replies":[{"embeddable":true,"href":"https:\/\/pri-mem.com\/en\/wp-json\/wp\/v2\/comments?post=24884"}],"version-history":[{"count":0,"href":"https:\/\/pri-mem.com\/en\/wp-json\/wp\/v2\/product\/24884\/revisions"}],"wp:featuredmedia":[{"embeddable":true,"href":"https:\/\/pri-mem.com\/en\/wp-json\/wp\/v2\/media\/24932"}],"wp:attachment":[{"href":"https:\/\/pri-mem.com\/en\/wp-json\/wp\/v2\/media?parent=24884"}],"wp:term":[{"taxonomy":"product_brand","embeddable":true,"href":"https:\/\/pri-mem.com\/en\/wp-json\/wp\/v2\/product_brand?post=24884"},{"taxonomy":"product_cat","embeddable":true,"href":"https:\/\/pri-mem.com\/en\/wp-json\/wp\/v2\/product_cat?post=24884"},{"taxonomy":"product_tag","embeddable":true,"href":"https:\/\/pri-mem.com\/en\/wp-json\/wp\/v2\/product_tag?post=24884"}],"curies":[{"name":"wp","href":"https:\/\/api.w.org\/{rel}","templated":true}]}}